{"id":3131,"date":"2022-11-10T17:09:45","date_gmt":"2022-11-10T17:09:45","guid":{"rendered":"https:\/\/refracts.eu\/?page_id=3131"},"modified":"2026-02-04T11:05:24","modified_gmt":"2026-02-04T11:05:24","slug":"equipo","status":"publish","type":"page","link":"https:\/\/refracts.eu\/index.php\/equipo\/","title":{"rendered":"Equipo de trabajo"},"content":{"rendered":"\n<div class=\"wp-block-columns is-layout-flex wp-container-core-columns-is-layout-9d6595d7 wp-block-columns-is-layout-flex\">\n<div class=\"wp-block-column is-layout-flow wp-block-column-is-layout-flow\"><div class=\"wp-block-image is-resized is-style-rounded wp-duotone-unset-1\">\n<figure class=\"aligncenter size-thumbnail\"><img loading=\"lazy\" decoding=\"async\" width=\"150\" height=\"150\" src=\"https:\/\/refracts.eu\/wp-content\/uploads\/2023\/01\/Ester-Alba_IP-edited-150x150.jpg\" alt=\"\" class=\"wp-image-3259\"\/><\/figure>\n<\/div>\n\n\n<p><strong><strong>Ester Alba.<\/strong><\/strong> Profesora Titular de Historia del Arte en la Facultad de Geograf\u00eda e Historia de la Universitat de Val\u00e8ncia y directora del Arxiu Valenci\u00e0 del Disseny. Co-dirige el M\u00e1ster Permea (Programa experimental de mediaci\u00f3n y educaci\u00f3n art\u00edstica)&nbsp;<\/p>\n<\/div>\n\n\n\n<div class=\"wp-block-column is-layout-flow wp-block-column-is-layout-flow\"><div class=\"wp-block-image is-resized is-style-rounded\">\n<figure class=\"aligncenter size-thumbnail\"><img loading=\"lazy\" decoding=\"async\" width=\"150\" height=\"150\" src=\"https:\/\/refracts.eu\/wp-content\/uploads\/2023\/01\/marcos2-1-872x1024-1-edited-150x150.png\" alt=\"\" class=\"wp-image-3260\"\/><\/figure>\n<\/div>\n\n\n<p><strong><strong>Marcos Fern\u00e1ndez.<\/strong><\/strong> Profesor Titular en la Escuela de Telecomunicaciones e Ingenier\u00eda (ETSE) de la Universitat de Val\u00e8ncia. MSc. en F\u00edsica (1992) y Doctor en Ciencias de la Computaci\u00f3n en la Universitat de Val\u00e8ncia. Director del Grupo ARTEC en el Insituto de Investigaci\u00f3n Universitario IRTIC (UV).<\/p>\n<\/div>\n\n\n\n<div class=\"wp-block-column is-layout-flow wp-block-column-is-layout-flow\"><div class=\"wp-block-image is-resized is-style-rounded\">\n<figure class=\"aligncenter size-thumbnail\"><img loading=\"lazy\" decoding=\"async\" width=\"150\" height=\"150\" src=\"https:\/\/refracts.eu\/wp-content\/uploads\/2022\/11\/Mar-Gaitan_Contratada-Prometeo-edited-150x150.jpg\" alt=\"\" class=\"wp-image-3167\"\/><\/figure>\n<\/div>\n\n\n<p><strong>Mar Gait\u00e1n.<\/strong> Doctora en Historia del Arte y M\u00e1ster en Patrimonio Cultural. Investigadora del Departamento de Historia del Arte. Especialista en gesti\u00f3n cultural, humidades digitales y vocabularios controlados. Miembro del equipo del proyecto H2020 SILKNOW, SeMap, CREALAB y Women\u2019s Legacy, entre otros.<\/p>\n<\/div>\n<\/div>\n\n\n\n<div class=\"wp-block-columns is-layout-flex wp-container-core-columns-is-layout-9d6595d7 wp-block-columns-is-layout-flex\">\n<div class=\"wp-block-column is-layout-flow wp-block-column-is-layout-flow\"><div class=\"wp-block-image is-resized is-style-rounded\">\n<figure class=\"aligncenter size-thumbnail\"><img loading=\"lazy\" decoding=\"async\" width=\"150\" height=\"150\" src=\"https:\/\/refracts.eu\/wp-content\/uploads\/2022\/11\/Arabella-Leon_contratada-1-edited-150x150.jpg\" alt=\"\" class=\"wp-image-3199\"\/><\/figure>\n<\/div>\n\n\n<p><strong>Arabella Le\u00f3n<\/strong>. Doctora en historia del arte y m\u00e1ster en Gesti\u00f3n de Patrimonio Cultural. Especialista en tejido, gesti\u00f3n de patrimonio cultural, humanidades digitales y vocabularios controlados. Miembro del equipo del proyecto H2020 SILKNOW,&nbsp;SeMap, CREALAB y&nbsp;Women\u2019s&nbsp;Legacy, entre otros.&nbsp;<\/p>\n<\/div>\n\n\n\n<div class=\"wp-block-column is-layout-flow wp-block-column-is-layout-flow\"><div class=\"wp-block-image is-resized is-style-rounded\">\n<figure class=\"aligncenter size-thumbnail\"><img loading=\"lazy\" decoding=\"async\" width=\"150\" height=\"150\" src=\"https:\/\/refracts.eu\/wp-content\/uploads\/2023\/01\/Javi-edited-150x150.jpeg\" alt=\"Javier Sevilla Peris\" class=\"wp-image-3274\"\/><\/figure>\n<\/div>\n\n\n<p><strong>Javier Sevilla Peris.<\/strong> Investigador en ARTEC y en los laboratorios de autismo e inform\u00e1tica del Instituto tecnol\u00f3gico IRTIC. Profesor Ayudante Doctor en el Departamento de Inform\u00e1tica de la Universitat de Val\u00e8ncia. Experto en ontolog\u00edas, web sem\u00e1ntica y visualizaci\u00f3n de datos.<\/p>\n<\/div>\n\n\n\n<div class=\"wp-block-column is-layout-flow wp-block-column-is-layout-flow\"><\/div>\n<\/div>\n\n\n\n<div class=\"wp-block-columns is-layout-flex wp-container-core-columns-is-layout-9d6595d7 wp-block-columns-is-layout-flex\">\n<div class=\"wp-block-column is-resized is-style-rounded is-layout-flow wp-block-column-is-layout-flow\"><\/div>\n\n\n\n<div class=\"wp-block-column is-layout-flow wp-block-column-is-layout-flow\"><\/div>\n<\/div>\n\n\n\n<div class=\"wp-block-columns is-layout-flex wp-container-core-columns-is-layout-9d6595d7 wp-block-columns-is-layout-flex\">\n<div class=\"wp-block-column is-layout-flow wp-block-column-is-layout-flow\">\n<h2 class=\"wp-block-heading\">Equipo de Investigaci\u00f3n<\/h2>\n\n\n\n<div class=\"wp-block-columns is-layout-flex wp-container-core-columns-is-layout-9d6595d7 wp-block-columns-is-layout-flex\">\n<div class=\"wp-block-column is-layout-flow wp-block-column-is-layout-flow\">\n<p><strong>Rafael Gil Salinas<\/strong>. Catedr\u00e1tido&nbsp;de&nbsp;Historia del&nbsp;Arte, especialista en patrimonio art\u00edstico valenciano y en proyectos de transferencia social del conocimiento. Dirige el grupo de investigaci\u00f3n&nbsp;VALuART&nbsp;(GIUV2015-224) y ha liderado y participado en numerosos proyectos nacionales y europeos de I+D. Su producci\u00f3n cient\u00edfica incluye monograf\u00edas y publicaciones en editoriales y revistas de alto impacto, as\u00ed como la direcci\u00f3n de proyectos de referencia sobre la pintura valenciana de la modernidad. Ha comisariado exposiciones y coordinado iniciativas acad\u00e9micas y culturales de alcance nacional e internacional.&nbsp;<\/p>\n<\/div>\n\n\n\n<div class=\"wp-block-column is-layout-flow wp-block-column-is-layout-flow\">\n<p><strong>Daniel Benito&nbsp;Goerlich<\/strong>. Catedr\u00e1tico de Historia del Arte, con una extensa y reconocida trayectoria en el estudio del patrimonio cultural y las colecciones art\u00edsticas. Fue conservador del patrimonio hist\u00f3rico-art\u00edstico de la&nbsp;Universitat&nbsp;de Val\u00e8ncia entre 1987 y 2018 y director del Museo del Patriarca del Real Colegio Seminario de Corpus Christi. Ha publicado m\u00e1s de 30 monograf\u00edas, numerosos cap\u00edtulos de libro y art\u00edculos en revistas de alto impacto. Su labor investigadora y profesional lo sit\u00faa como una figura de referencia en el \u00e1mbito del patrimonio hist\u00f3rico-art\u00edstico.&nbsp;<\/p>\n<\/div>\n\n\n\n<div class=\"wp-block-column is-layout-flow wp-block-column-is-layout-flow\">\n<p><strong>Adela Cortijo Talavera<\/strong>. Doctora en Historia del Arte, est\u00e1 especializada en estudios de g\u00e9nero, dise\u00f1o gr\u00e1fico y narrativa visual, con especial atenci\u00f3n a la ilustraci\u00f3n y la novela gr\u00e1fica. Ha participado en proyectos de referencia sobre representaci\u00f3n de la subjetividad femenina en las artes visuales y cuenta con una amplia producci\u00f3n cient\u00edfica, con casi 60 publicaciones nacionales e internacionales y numerosas ponencias en congresos. Sus trabajos abordan la representaci\u00f3n del cuerpo femenino, el c\u00f3mic y los discursos culturales contempor\u00e1neos desde una perspectiva cr\u00edtica y feminista.&nbsp;<\/p>\n<\/div>\n<\/div>\n\n\n\n<div class=\"wp-block-columns is-layout-flex wp-container-core-columns-is-layout-9d6595d7 wp-block-columns-is-layout-flex\">\n<div class=\"wp-block-column is-layout-flow wp-block-column-is-layout-flow\">\n<p><strong>Juan Manuel Mar\u00edn Torres<\/strong>. Doctor en Historia del Arte, centra su labor investigadora en la teor\u00eda del arte, el dise\u00f1o industrial, la filosof\u00eda tr\u00e1gica y los estudios de g\u00e9nero. Es miembro de grupos y estructuras universitarias especializadas en estudios feministas y de g\u00e9nero. Su producci\u00f3n cient\u00edfica incluye m\u00e1s de 15 art\u00edculos en revistas de alto impacto, 10 libros monogr\u00e1ficos y numerosos cap\u00edtulos de libro.&nbsp;<\/p>\n<\/div>\n\n\n\n<div class=\"wp-block-column is-layout-flow wp-block-column-is-layout-flow\">\n<p><strong>Aurora&nbsp;teruel&nbsp;Gonz\u00e1lez<\/strong>. Doctora en Documentaci\u00f3n (4 sexenios de investigaci\u00f3n), es profesora de Historia de la Ciencia y Documentaci\u00f3n en la&nbsp;Universitat&nbsp;de Val\u00e8ncia. Su investigaci\u00f3n se ha centrado en el estudio del comportamiento informacional, las metodolog\u00edas cualitativas aplicadas a usuarios de sistemas de informaci\u00f3n y la comunicaci\u00f3n cient\u00edfica. Es autora de diversas monograf\u00edas y trabajos metodol\u00f3gicos de referencia y ha participado en numerosos proyectos de investigaci\u00f3n sobre acceso abierto, edici\u00f3n cient\u00edfica y gesti\u00f3n de repositorios institucionales. Ha coordinado el dise\u00f1o y desarrollo de bibliotecas virtuales especializadas en el \u00e1mbito de la salud.&nbsp;<\/p>\n<\/div>\n\n\n\n<div class=\"wp-block-column is-layout-flow wp-block-column-is-layout-flow\">\n<p><strong>Concepci\u00f3n Lomba Serrano<\/strong>. Catedr\u00e1tica de Historia del Arte, es conservadora del Cuerpo Facultativo de Museos (en excedencia) y ha desarrollado su trayectoria profesional en instituciones como el Museo Espa\u00f1ol de Arte Contempor\u00e1neo y el Museo Nacional Centro de Arte Reina Sof\u00eda. Ha sido directora del Museo Aragon\u00e9s de Arte Contempor\u00e1neo y es acad\u00e9mica numeraria de la Real Academia de Bellas Artes de San Luis de Zaragoza. En la Universidad de Zaragoza ha ocupado diversos cargos de gesti\u00f3n acad\u00e9mica y cultural, entre ellos vicerrectora de Cultura y Pol\u00edtica Social. Dirige desde 2009 el grupo de investigaci\u00f3n de referencia&nbsp;Vestigium&nbsp;y ha liderado proyectos nacionales de I+D sobre mujeres artistas y creaci\u00f3n contempor\u00e1nea. Ha comisariado cerca de cincuenta exposiciones temporales en museos p\u00fablicos y entidades privadas.&nbsp;<\/p>\n<\/div>\n<\/div>\n\n\n\n<div class=\"wp-block-columns is-layout-flex wp-container-core-columns-is-layout-9d6595d7 wp-block-columns-is-layout-flex\">\n<div class=\"wp-block-column is-layout-flow wp-block-column-is-layout-flow\">\n<p><strong>Pedro Morillo Tena<\/strong>. Doctor en Inform\u00e1tica, es profesor asociado en el Departamento de Inform\u00e1tica de la&nbsp;Universitat&nbsp;de Val\u00e8ncia y miembro del grupo de Redes y Entornos Virtuales (GREV). Su investigaci\u00f3n se centra en sistemas distribuidos, arquitecturas de red para entornos virtuales, computaci\u00f3n en cl\u00faster, realidad virtual y aumentada. Ha sido cient\u00edfico visitante en universidades estadounidenses y es director del M\u00e1ster Ejecutivo en Direcci\u00f3n y Administraci\u00f3n de Proyectos de la&nbsp;Universitat&nbsp;de Val\u00e8ncia, considerado entre los mejores de Europa. Es autor de m\u00e1s de 80 publicaciones cient\u00edficas.&nbsp;<\/p>\n<\/div>\n\n\n\n<div class=\"wp-block-column is-layout-flow wp-block-column-is-layout-flow\">\n<p><strong>Mireia&nbsp;Ferrer \u00c1lvarez<\/strong>. Doctora en Historia del Arte, desarrolla su investigaci\u00f3n en torno al arte contempor\u00e1neo espa\u00f1ol y valenciano, los estudios culturales, de g\u00e9nero y la museolog\u00eda. Su trabajo se ha centrado en el an\u00e1lisis del arte moderno valenciano en di\u00e1logo con los principales centros art\u00edsticos internacionales. Ha sido investigadora principal y miembro de numerosos proyectos de investigaci\u00f3n auton\u00f3micos, nacionales y europeos vinculados al patrimonio, el feminismo y la historiograf\u00eda del arte.&nbsp;<\/p>\n<\/div>\n\n\n\n<div class=\"wp-block-column is-layout-flow wp-block-column-is-layout-flow\">\n<p><strong>Cristina&nbsp;Portal\u00e9s&nbsp;Ricart<\/strong>. Doctora en Inform\u00e1tica (3 sexenios de investigaci\u00f3n), es profesora titular en la&nbsp;Universitat&nbsp;de Val\u00e8ncia y ha sido investigadora postdoctoral Juan de la Cierva en el IRTIC. Coordina propuestas de investigaci\u00f3n en el grupo ARTEC y cuenta con una amplia producci\u00f3n cient\u00edfica, con m\u00e1s de 60 publicaciones en congresos internacionales, revistas de alto impacto y libros. Forma parte de comit\u00e9s cient\u00edficos internacionales, es editora en revistas especializadas en tecnolog\u00edas multimodales y realidad aumentada, y ha evaluado proyectos europeos FP7 y H2020. Su investigaci\u00f3n se centra en visi\u00f3n por ordenador, realidad aumentada e interacci\u00f3n persona-ordenador, con un marcado perfil interdisciplinar.&nbsp;<\/p>\n<\/div>\n<\/div>\n\n\n\n<div class=\"wp-block-columns is-layout-flex wp-container-core-columns-is-layout-9d6595d7 wp-block-columns-is-layout-flex\">\n<div class=\"wp-block-column is-layout-flow wp-block-column-is-layout-flow\">\n<p><strong>Sergio Casas&nbsp;Yrurzum<\/strong>. Doctor en Inform\u00e1tica y Matem\u00e1tica Computacional (1 sexenio de investigaci\u00f3n), es profesor asociado en el Departamento de Inform\u00e1tica de la&nbsp;Universitat&nbsp;de Val\u00e8ncia e investigador del IRTIC. Su trayectoria combina investigaci\u00f3n acad\u00e9mica y transferencia tecnol\u00f3gica, con m\u00e1s de 75 publicaciones cient\u00edficas y participaci\u00f3n en m\u00e1s de 50 proyectos competitivos nacionales y europeos. Ha liderado y participado en proyectos sobre realidad virtual y aumentada aplicadas a la medicina, la seguridad y el patrimonio cultural, y es titular de varias patentes y registros de propiedad intelectual. Su investigaci\u00f3n se centra en simulaci\u00f3n por ordenador, HCI y entornos inmersivos.&nbsp;<\/p>\n<\/div>\n\n\n\n<div class=\"wp-block-column is-layout-flow wp-block-column-is-layout-flow\"><\/div>\n\n\n\n<div class=\"wp-block-column is-layout-flow wp-block-column-is-layout-flow\"><\/div>\n<\/div>\n<\/div>\n<\/div>\n\n\n<div class=\"wp-block-image\">\n<figure class=\"aligncenter size-medium\"><img loading=\"lazy\" decoding=\"async\" width=\"300\" height=\"201\" src=\"https:\/\/refracts.eu\/wp-content\/uploads\/2026\/02\/logoGVARefracts-300x201.jpeg\" alt=\"\" class=\"wp-image-16394\" style=\"object-fit:cover\" srcset=\"https:\/\/refracts.eu\/wp-content\/uploads\/2026\/02\/logoGVARefracts-300x201.jpeg 300w, https:\/\/refracts.eu\/wp-content\/uploads\/2026\/02\/logoGVARefracts-1024x685.jpeg 1024w, https:\/\/refracts.eu\/wp-content\/uploads\/2026\/02\/logoGVARefracts-768x514.jpeg 768w, https:\/\/refracts.eu\/wp-content\/uploads\/2026\/02\/logoGVARefracts-1536x1028.jpeg 1536w, https:\/\/refracts.eu\/wp-content\/uploads\/2026\/02\/logoGVARefracts.jpeg 1600w\" sizes=\"auto, (max-width: 300px) 100vw, 300px\" \/><\/figure>\n<\/div>","protected":false},"excerpt":{"rendered":"<p>Ester Alba. Profesora Titular de Historia del Arte en la Facultad de Geograf\u00eda e Historia de la Universitat de Val\u00e8ncia y directora del Arxiu Valenci\u00e0 del Disseny. Co-dirige el M\u00e1ster Permea (Programa experimental de mediaci\u00f3n y educaci\u00f3n art\u00edstica)&nbsp; Marcos Fern\u00e1ndez. Profesor Titular en la Escuela de Telecomunicaciones e Ingenier\u00eda (ETSE) de la Universitat de Val\u00e8ncia. &#8230; <a title=\"Equipo de trabajo\" class=\"read-more\" href=\"https:\/\/refracts.eu\/index.php\/equipo\/\" aria-label=\"Leer m\u00e1s sobre Equipo de trabajo\">Leer m\u00e1s<\/a><\/p>\n","protected":false},"author":1,"featured_media":0,"parent":0,"menu_order":0,"comment_status":"closed","ping_status":"closed","template":"","meta":{"_acf_changed":false,"footnotes":""},"class_list":["post-3131","page","type-page","status-publish"],"acf":[],"_links":{"self":[{"href":"https:\/\/refracts.eu\/index.php\/wp-json\/wp\/v2\/pages\/3131","targetHints":{"allow":["GET"]}}],"collection":[{"href":"https:\/\/refracts.eu\/index.php\/wp-json\/wp\/v2\/pages"}],"about":[{"href":"https:\/\/refracts.eu\/index.php\/wp-json\/wp\/v2\/types\/page"}],"author":[{"embeddable":true,"href":"https:\/\/refracts.eu\/index.php\/wp-json\/wp\/v2\/users\/1"}],"replies":[{"embeddable":true,"href":"https:\/\/refracts.eu\/index.php\/wp-json\/wp\/v2\/comments?post=3131"}],"version-history":[{"count":21,"href":"https:\/\/refracts.eu\/index.php\/wp-json\/wp\/v2\/pages\/3131\/revisions"}],"predecessor-version":[{"id":16397,"href":"https:\/\/refracts.eu\/index.php\/wp-json\/wp\/v2\/pages\/3131\/revisions\/16397"}],"wp:attachment":[{"href":"https:\/\/refracts.eu\/index.php\/wp-json\/wp\/v2\/media?parent=3131"}],"curies":[{"name":"wp","href":"https:\/\/api.w.org\/{rel}","templated":true}]}}